{"id":8572,"date":"2026-02-24T06:37:32","date_gmt":"2026-02-24T05:37:32","guid":{"rendered":"https:\/\/learndash.magevue.com\/contacto\/"},"modified":"2026-04-29T10:06:40","modified_gmt":"2026-04-29T08:06:40","slug":"contacto","status":"publish","type":"page","link":"https:\/\/learndash.magevue.com\/pt-pt\/contacto\/","title":{"rendered":"Contacto"},"content":{"rendered":"\t\t<div data-elementor-type=\"wp-page\" data-elementor-id=\"8572\" class=\"elementor elementor-8572 elementor-6126\" data-elementor-post-type=\"page\">\n\t\t\t\t<div class=\"elementor-element elementor-element-6662bd0 e-flex e-con-boxed e-con e-parent\" data-id=\"6662bd0\" data-element_type=\"container\" data-e-type=\"container\" data-settings=\"{&quot;background_background&quot;:&quot;classic&quot;,&quot;shape_divider_bottom&quot;:&quot;curve&quot;,&quot;shape_divider_bottom_negative&quot;:&quot;yes&quot;}\">\n\t\t\t\t\t<div class=\"e-con-inner\">\n\t\t\t\t<div class=\"elementor-shape elementor-shape-bottom\" aria-hidden=\"true\" data-negative=\"true\">\n\t\t\t<svg xmlns=\"http:\/\/www.w3.org\/2000\/svg\" viewBox=\"0 0 1000 100\" preserveAspectRatio=\"none\">\n\t<path class=\"elementor-shape-fill\" d=\"M500,97C126.7,96.3,0.8,19.8,0,0v100l1000,0V1C1000,19.4,873.3,97.8,500,97z\"\/>\n<\/svg>\t\t<\/div>\n\t\t\t\t<div class=\"elementor-element elementor-element-928e2dd elementor-widget elementor-widget-heading\" data-id=\"928e2dd\" data-element_type=\"widget\" data-e-type=\"widget\" data-widget_type=\"heading.default\">\n\t\t\t\t\t<h1 class=\"elementor-heading-title elementor-size-default\">QUERES SABER MAIS?\n<\/h1>\t\t\t\t<\/div>\n\t\t\t\t\t<\/div>\n\t\t\t\t<\/div>\n\t\t<div class=\"elementor-element elementor-element-ab68655 e-flex e-con-boxed e-con e-parent\" data-id=\"ab68655\" data-element_type=\"container\" data-e-type=\"container\" data-settings=\"{&quot;background_background&quot;:&quot;classic&quot;}\">\n\t\t\t\t\t<div class=\"e-con-inner\">\n\t\t\t\t<div class=\"elementor-element elementor-element-4cfbbb4 elementor-widget elementor-widget-heading\" data-id=\"4cfbbb4\" data-element_type=\"widget\" data-e-type=\"widget\" data-widget_type=\"heading.default\">\n\t\t\t\t\t<h2 class=\"elementor-heading-title elementor-size-default\">Entra em contacto\n<\/h2>\t\t\t\t<\/div>\n\t\t\t\t<div class=\"elementor-element elementor-element-4251e85 elementor-widget elementor-widget-text-editor\" data-id=\"4251e85\" data-element_type=\"widget\" data-e-type=\"widget\" data-widget_type=\"text-editor.default\">\n\t\t\t\t\t\t\t\t\t<div class=\"elementor-element elementor-element-825273c e-con-full e-flex e-con e-child\" data-id=\"825273c\" data-element_type=\"container\" data-e-type=\"container\"><div class=\"elementor-element elementor-element-2efce32 elementor-widget elementor-widget-text-editor\" data-id=\"2efce32\" data-element_type=\"widget\" data-e-type=\"widget\" data-widget_type=\"text-editor.default\"><p data-start=\"169\" data-end=\"381\">Connosco, tudo come\u00e7a com uma reuni\u00e3o.<\/p><\/div><\/div>\t\t\t\t\t\t\t\t<\/div>\n\t\t\t\t\t<\/div>\n\t\t\t\t<\/div>\n\t\t<div class=\"elementor-element elementor-element-6752ba5 e-flex e-con-boxed e-con e-parent\" data-id=\"6752ba5\" data-element_type=\"container\" data-e-type=\"container\" data-settings=\"{&quot;background_background&quot;:&quot;classic&quot;}\">\n\t\t\t\t\t<div class=\"e-con-inner\">\n\t\t<div class=\"elementor-element elementor-element-1bcbab6 e-con-full e-flex e-con e-child\" data-id=\"1bcbab6\" data-element_type=\"container\" data-e-type=\"container\">\n\t\t\t\t<div class=\"elementor-element elementor-element-e4a5641 elementor-widget elementor-widget-text-editor\" data-id=\"e4a5641\" data-element_type=\"widget\" data-e-type=\"widget\" data-widget_type=\"text-editor.default\">\n\t\t\t\t\t\t\t\t\t<div class=\"elementor-element elementor-element-825273c e-con-full e-flex e-con e-child\" data-id=\"825273c\" data-element_type=\"container\" data-e-type=\"container\"><div class=\"elementor-element elementor-element-2efce32 elementor-widget elementor-widget-text-editor\" data-id=\"2efce32\" data-element_type=\"widget\" data-e-type=\"widget\" data-widget_type=\"text-editor.default\"><p data-start=\"169\" data-end=\"381\">Quer tenhas uma pergunta, quer queiras explorar em conjunto a forma como a tua organiza\u00e7\u00e3o pode tornar-se mais preparada para o futuro,<\/p><\/div><\/div>\t\t\t\t\t\t\t\t<\/div>\n\t\t\t\t<div class=\"elementor-element elementor-element-fa12d57 elementor-widget elementor-widget-text-editor\" data-id=\"fa12d57\" data-element_type=\"widget\" data-e-type=\"widget\" data-widget_type=\"text-editor.default\">\n\t\t\t\t\t\t\t\t\t<div class=\"elementor-element elementor-element-825273c e-con-full e-flex e-con e-child\" data-id=\"825273c\" data-element_type=\"container\" data-e-type=\"container\"><div class=\"elementor-element elementor-element-2efce32 elementor-widget elementor-widget-text-editor\" data-id=\"2efce32\" data-element_type=\"widget\" data-e-type=\"widget\" data-widget_type=\"text-editor.default\"><p data-start=\"169\" data-end=\"381\">ou simplesmente quer trocar algumas ideias, sem qualquer compromisso. De nada. <\/p><\/div><\/div>\t\t\t\t\t\t\t\t<\/div>\n\t\t\t\t<div class=\"elementor-element elementor-element-c0dadbc elementor-widget elementor-widget-text-editor\" data-id=\"c0dadbc\" data-element_type=\"widget\" data-e-type=\"widget\" data-widget_type=\"text-editor.default\">\n\t\t\t\t\t\t\t\t\t<div class=\"elementor-element elementor-element-825273c e-con-full e-flex e-con e-child\" data-id=\"825273c\" data-element_type=\"container\" data-e-type=\"container\"><div class=\"elementor-element elementor-element-2efce32 elementor-widget elementor-widget-text-editor\" data-id=\"2efce32\" data-element_type=\"widget\" data-e-type=\"widget\" data-widget_type=\"text-editor.default\"><p data-start=\"169\" data-end=\"381\">Gostamos de ouvir a tua hist\u00f3ria, onde queres chegar e o que podes ter de enfrentar.<\/p><\/div><\/div>\t\t\t\t\t\t\t\t<\/div>\n\t\t\t\t<div class=\"elementor-element elementor-element-d3efd7e elementor-widget elementor-widget-text-editor\" data-id=\"d3efd7e\" data-element_type=\"widget\" data-e-type=\"widget\" data-widget_type=\"text-editor.default\">\n\t\t\t\t\t\t\t\t\t<div class=\"elementor-element elementor-element-825273c e-con-full e-flex e-con e-child\" data-id=\"825273c\" data-element_type=\"container\" data-e-type=\"container\"><div class=\"elementor-element elementor-element-2efce32 elementor-widget elementor-widget-text-editor\" data-id=\"2efce32\" data-element_type=\"widget\" data-e-type=\"widget\" data-widget_type=\"text-editor.default\"><p data-start=\"169\" data-end=\"381\">N\u00e3o h\u00e1 conselhos padronizados, mas sim uma conversa aberta, feita de aten\u00e7\u00e3o e curiosidade genu\u00ednas.<\/p><\/div><\/div>\t\t\t\t\t\t\t\t<\/div>\n\t\t\t\t<div class=\"elementor-element elementor-element-e5f5268 elementor-widget elementor-widget-text-editor\" data-id=\"e5f5268\" data-element_type=\"widget\" data-e-type=\"widget\" data-widget_type=\"text-editor.default\">\n\t\t\t\t\t\t\t\t\t<div><div>Envia-nos uma mensagem, telefona-nos diretamente para o 040-8796136 e encontramo-nos para um caf\u00e9.<\/div><\/div>\t\t\t\t\t\t\t\t<\/div>\n\t\t\t\t<div class=\"elementor-element elementor-element-50174b4 elementor-widget elementor-widget-text-editor\" data-id=\"50174b4\" data-element_type=\"widget\" data-e-type=\"widget\" data-widget_type=\"text-editor.default\">\n\t\t\t\t\t\t\t\t\t<div class=\"elementor-element elementor-element-deec407 e-con-full e-flex e-con e-child\" data-id=\"deec407\" data-element_type=\"container\" data-e-type=\"container\"><div class=\"elementor-element elementor-element-4a390c9 elementor-widget elementor-widget-text-editor\" data-id=\"4a390c9\" data-element_type=\"widget\" data-e-type=\"widget\" data-widget_type=\"text-editor.default\"><p data-start=\"816\" data-end=\"971\">Estamos ansiosos por te conhecer e por fazermos a diferen\u00e7a juntos<\/p><\/div><\/div>\t\t\t\t\t\t\t\t<\/div>\n\t\t\t\t<\/div>\n\t\t<div class=\"elementor-element elementor-element-7e85511 e-con-full e-flex e-con e-child\" data-id=\"7e85511\" data-element_type=\"container\" data-e-type=\"container\">\n\t\t\t\t<div class=\"elementor-element elementor-element-f0d820c elementor-widget elementor-widget-image\" data-id=\"f0d820c\" data-element_type=\"widget\" data-e-type=\"widget\" data-widget_type=\"image.default\">\n\t\t\t\t\t\t\t\t\t\t\t\t\t\t\t<img fetchpriority=\"high\" decoding=\"async\" width=\"1024\" height=\"574\" src=\"https:\/\/learndash.magevue.com\/wp-content\/uploads\/2026\/02\/suzannew._A_line_art_drawing_of_a_peron_calling_to_get_in_tho_e0246579-7712-40af-97b2-afddcca2bf21_1-1-1024x574.png\" class=\"attachment-large size-large wp-image-8568\" alt=\"\" srcset=\"https:\/\/learndash.magevue.com\/wp-content\/uploads\/2026\/02\/suzannew._A_line_art_drawing_of_a_peron_calling_to_get_in_tho_e0246579-7712-40af-97b2-afddcca2bf21_1-1-1024x574.png 1024w, https:\/\/learndash.magevue.com\/wp-content\/uploads\/2026\/02\/suzannew._A_line_art_drawing_of_a_peron_calling_to_get_in_tho_e0246579-7712-40af-97b2-afddcca2bf21_1-1-300x168.png 300w, https:\/\/learndash.magevue.com\/wp-content\/uploads\/2026\/02\/suzannew._A_line_art_drawing_of_a_peron_calling_to_get_in_tho_e0246579-7712-40af-97b2-afddcca2bf21_1-1-768x430.png 768w, https:\/\/learndash.magevue.com\/wp-content\/uploads\/2026\/02\/suzannew._A_line_art_drawing_of_a_peron_calling_to_get_in_tho_e0246579-7712-40af-97b2-afddcca2bf21_1-1-600x336.png 600w, https:\/\/learndash.magevue.com\/wp-content\/uploads\/2026\/02\/suzannew._A_line_art_drawing_of_a_peron_calling_to_get_in_tho_e0246579-7712-40af-97b2-afddcca2bf21_1-1.png 1456w\" sizes=\"(max-width: 1024px) 100vw, 1024px\" \/>\t\t\t\t\t\t\t\t\t\t\t\t\t\t\t<\/div>\n\t\t\t\t<\/div>\n\t\t\t\t\t<\/div>\n\t\t\t\t<\/div>\n\t\t<div class=\"elementor-element elementor-element-b48ad3c e-flex e-con-boxed e-con e-parent\" data-id=\"b48ad3c\" data-element_type=\"container\" data-e-type=\"container\" data-settings=\"{&quot;background_background&quot;:&quot;classic&quot;,&quot;shape_divider_top&quot;:&quot;curve-asymmetrical&quot;}\">\n\t\t\t\t\t<div class=\"e-con-inner\">\n\t\t\t\t<div class=\"elementor-shape elementor-shape-top\" aria-hidden=\"true\" data-negative=\"false\">\n\t\t\t<svg xmlns=\"http:\/\/www.w3.org\/2000\/svg\" viewBox=\"0 0 1000 100\" preserveAspectRatio=\"none\">\n\t<path class=\"elementor-shape-fill\" d=\"M0,0c0,0,0,6,0,6.7c0,18,240.2,93.6,615.2,92.6C989.8,98.5,1000,25,1000,6.7c0-0.7,0-6.7,0-6.7H0z\"\/>\n<\/svg>\t\t<\/div>\n\t\t<div class=\"elementor-element elementor-element-fecd023 e-con-full e-flex e-con e-child\" data-id=\"fecd023\" data-element_type=\"container\" data-e-type=\"container\">\n\t\t<div class=\"elementor-element elementor-element-1a188d6 e-con-full e-flex e-con e-child\" data-id=\"1a188d6\" data-element_type=\"container\" data-e-type=\"container\" data-settings=\"{&quot;background_background&quot;:&quot;classic&quot;}\">\n\t\t\t\t<div class=\"elementor-element elementor-element-dc82445 elementor-widget elementor-widget-heading\" data-id=\"dc82445\" data-element_type=\"widget\" data-e-type=\"widget\" data-widget_type=\"heading.default\">\n\t\t\t\t\t<h2 class=\"elementor-heading-title elementor-size-default\">Tens alguma pergunta ou coment\u00e1rio?\n<\/h2>\t\t\t\t<\/div>\n\t\t\t\t<div class=\"elementor-element elementor-element-32b9d21 elementor-widget elementor-widget-text-editor\" data-id=\"32b9d21\" data-element_type=\"widget\" data-e-type=\"widget\" data-widget_type=\"text-editor.default\">\n\t\t\t\t\t\t\t\t\t<div class=\"elementor-element elementor-element-deec407 e-con-full e-flex e-con e-child\" data-id=\"deec407\" data-element_type=\"container\" data-e-type=\"container\"><div class=\"elementor-element elementor-element-4a390c9 elementor-widget elementor-widget-text-editor\" data-id=\"4a390c9\" data-element_type=\"widget\" data-e-type=\"widget\" data-widget_type=\"text-editor.default\"><div class=\"elementor-element elementor-element-3017225 elementor-widget elementor-widget-text-editor\" data-id=\"3017225\" data-element_type=\"widget\" data-e-type=\"widget\" data-widget_type=\"text-editor.default\"><p>Tens uma pergunta sobre alguma das nossas forma\u00e7\u00f5es\/workshops, uma ideia ou queres colaborar para um futuro sustent\u00e1vel? N\u00e3o hesites em contactar-nos. Gostar\u00edamos muito de pensar contigo.  <\/p><\/div><\/div><\/div>\t\t\t\t\t\t\t\t<\/div>\n\t\t\t\t<div class=\"elementor-element elementor-element-cd7ba72 contact-form elementor-button-align-stretch elementor-widget elementor-widget-form\" data-id=\"cd7ba72\" data-element_type=\"widget\" data-e-type=\"widget\" data-settings=\"{&quot;step_next_label&quot;:&quot;Seguinte&quot;,&quot;step_previous_label&quot;:&quot;Anterior&quot;,&quot;button_width&quot;:&quot;100&quot;,&quot;step_type&quot;:&quot;number_text&quot;,&quot;step_icon_shape&quot;:&quot;circle&quot;}\" data-widget_type=\"form.default\">\n\t\t\t\t\t\t\t<form class=\"elementor-form\" method=\"post\" name=\"Novo formul\u00e1rio\" aria-label=\"Novo formul\u00e1rio\">\n\t\t\t<input type=\"hidden\" name=\"post_id\" value=\"8572\"\/>\n\t\t\t<input type=\"hidden\" name=\"form_id\" value=\"cd7ba72\"\/>\n\t\t\t<input type=\"hidden\" name=\"referer_title\" value=\"Contacto\" \/>\n\n\t\t\t\t\t\t\t<input type=\"hidden\" name=\"queried_id\" value=\"8572\"\/>\n\t\t\t\n\t\t\t<div class=\"elementor-form-fields-wrapper elementor-labels-above\">\n\t\t\t\t\t\t\t\t<div class=\"elementor-field-type-text elementor-field-group elementor-column elementor-field-group-name elementor-col-50\">\n\t\t\t\t\t\t\t\t\t\t\t\t\t<input size=\"1\" type=\"text\" name=\"form_fields[name]\" id=\"form-field-name\" class=\"elementor-field elementor-size-sm  elementor-field-textual\" placeholder=\"Nome\">\n\t\t\t\t\t\t\t\t\t\t\t<\/div>\n\t\t\t\t\t\t\t\t<div class=\"elementor-field-type-email elementor-field-group elementor-column elementor-field-group-email elementor-col-50 elementor-field-required\">\n\t\t\t\t\t\t\t\t\t\t\t\t\t<input size=\"1\" type=\"email\" name=\"form_fields[email]\" id=\"form-field-email\" class=\"elementor-field elementor-size-sm  elementor-field-textual\" placeholder=\"Correio eletr\u00f3nico\" required=\"required\">\n\t\t\t\t\t\t\t\t\t\t\t<\/div>\n\t\t\t\t\t\t\t\t<div class=\"elementor-field-type-select elementor-field-group elementor-column elementor-field-group-field_b86fe03 elementor-col-100 elementor-field-required\">\n\t\t\t\t\t\t\t<div class=\"elementor-field elementor-select-wrapper remove-before \">\n\t\t\t<div class=\"select-caret-down-wrapper\">\n\t\t\t\t<svg aria-hidden=\"true\" class=\"e-font-icon-svg e-eicon-caret-down\" viewBox=\"0 0 571.4 571.4\" xmlns=\"http:\/\/www.w3.org\/2000\/svg\"><path d=\"M571 393Q571 407 561 418L311 668Q300 679 286 679T261 668L11 418Q0 407 0 393T11 368 36 357H536Q550 357 561 368T571 393Z\"><\/path><\/svg>\t\t\t<\/div>\n\t\t\t<select name=\"form_fields[field_b86fe03]\" id=\"form-field-field_b86fe03\" class=\"elementor-field-textual elementor-size-sm\" required=\"required\">\n\t\t\t\t\t\t\t\t\t<option value=\"Gostaria de obter mais informa\u00e7\u00f5es sobre\">Gostaria de obter mais informa\u00e7\u00f5es sobre<\/option>\n\t\t\t\t\t\t\t\t\t<option value=\"Forma\u00e7\u00e3o aberta\">Forma\u00e7\u00e3o aberta<\/option>\n\t\t\t\t\t\t\t\t\t<option value=\"Masterclass\">Masterclass<\/option>\n\t\t\t\t\t\t\t\t\t<option value=\"Workshop\">Workshop<\/option>\n\t\t\t\t\t\t\t\t\t<option value=\"Palestra\">Palestra<\/option>\n\t\t\t\t\t\t\t\t\t<option value=\"In-company\">In-company<\/option>\n\t\t\t\t\t\t\t\t\t<option value=\"Curso online\">Curso online<\/option>\n\t\t\t\t\t\t\t<\/select>\n\t\t<\/div>\n\t\t\t\t\t\t<\/div>\n\t\t\t\t\t\t\t\t<div class=\"elementor-field-type-textarea elementor-field-group elementor-column elementor-field-group-message elementor-col-100\">\n\t\t\t\t\t<textarea class=\"elementor-field-textual elementor-field  elementor-size-sm\" name=\"form_fields[message]\" id=\"form-field-message\" rows=\"4\" placeholder=\"Pergunta \/ coment\u00e1rio\"><\/textarea>\t\t\t\t<\/div>\n\t\t\t\t\t\t\t\t<div class=\"elementor-field-type-recaptcha_v3 elementor-field-group elementor-column elementor-field-group-field_34b0945 elementor-col-100 recaptcha_v3-inline\">\n\t\t\t\t\t<div class=\"elementor-field\" id=\"form-field-field_34b0945\"><div class=\"elementor-g-recaptcha\" data-sitekey=\"6Lf-D9AsAAAAAHTWM30LkfzDDzj_NOdvJ2MKZajI\" data-type=\"v3\" data-action=\"Form\" data-badge=\"inline\" data-size=\"invisible\"><\/div><\/div>\t\t\t\t<\/div>\n\t\t\t\t\t\t\t\t<div class=\"elementor-field-group elementor-column elementor-field-type-submit elementor-col-100 e-form__buttons\">\n\t\t\t\t\t<button class=\"elementor-button elementor-size-sm\" type=\"submit\">\n\t\t\t\t\t\t<span class=\"elementor-button-content-wrapper\">\n\t\t\t\t\t\t\t\t\t\t\t\t\t\t\t\t\t\t\t\t\t\t<span class=\"elementor-button-text\">Envia<\/span>\n\t\t\t\t\t\t\t\t\t\t\t\t\t<\/span>\n\t\t\t\t\t<\/button>\n\t\t\t\t<\/div>\n\t\t\t<\/div>\n\t\t<\/form>\n\t\t\t\t\t\t<\/div>\n\t\t\t\t<\/div>\n\t\t\t\t<\/div>\n\t\t\t\t\t<\/div>\n\t\t\t\t<\/div>\n\t\t\t\t<\/div>\n\t\t","protected":false},"excerpt":{"rendered":"<p>QUERES SABER MAIS? Entra em contacto Connosco, tudo come\u00e7a com uma reuni\u00e3o. Quer tenhas uma pergunta, quer queiras explorar em [&hellip;]<\/p>\n","protected":false},"author":1,"featured_media":0,"parent":0,"menu_order":0,"comment_status":"closed","ping_status":"closed","template":"","meta":{"site-sidebar-layout":"no-sidebar","site-content-layout":"","ast-site-content-layout":"full-width-container","site-content-style":"default","site-sidebar-style":"default","ast-global-header-display":"","ast-banner-title-visibility":"","ast-main-header-display":"","ast-hfb-above-header-display":"","ast-hfb-below-header-display":"","ast-hfb-mobile-header-display":"","site-post-title":"","ast-breadcrumbs-content":"","ast-featured-img":"disabled","footer-sml-layout":"","ast-disable-related-posts":"","theme-transparent-header-meta":"","adv-header-id-meta":"","stick-header-meta":"","header-above-stick-meta":"","header-main-stick-meta":"","header-below-stick-meta":"","astra-migrate-meta-layouts":"default","ast-page-background-enabled":"default","ast-page-background-meta":{"desktop":{"background-color":"var(--ast-global-color-5)","background-image":"","background-repeat":"repeat","background-position":"center center","background-size":"auto","background-attachment":"scroll","background-type":"","background-media":"","overlay-type":"","overlay-color":"","overlay-opacity":"","overlay-gradient":""},"tablet":{"background-color":"","background-image":"","background-repeat":"repeat","background-position":"center center","background-size":"auto","background-attachment":"scroll","background-type":"","background-media":"","overlay-type":"","overlay-color":"","overlay-opacity":"","overlay-gradient":""},"mobile":{"background-color":"","background-image":"","background-repeat":"repeat","background-position":"center center","background-size":"auto","background-attachment":"scroll","background-type":"","background-media":"","overlay-type":"","overlay-color":"","overlay-opacity":"","overlay-gradient":""}},"ast-content-background-meta":{"desktop":{"background-color":"var(--ast-global-color-4)","background-image":"","background-repeat":"repeat","background-position":"center center","background-size":"auto","background-attachment":"scroll","background-type":"","background-media":"","overlay-type":"","overlay-color":"","overlay-opacity":"","overlay-gradient":""},"tablet":{"background-color":"var(--ast-global-color-4)","background-image":"","background-repeat":"repeat","background-position":"center center","background-size":"auto","background-attachment":"scroll","background-type":"","background-media":"","overlay-type":"","overlay-color":"","overlay-opacity":"","overlay-gradient":""},"mobile":{"background-color":"var(--ast-global-color-4)","background-image":"","background-repeat":"repeat","background-position":"center center","background-size":"auto","background-attachment":"scroll","background-type":"","background-media":"","overlay-type":"","overlay-color":"","overlay-opacity":"","overlay-gradient":""}},"footnotes":""},"class_list":["post-8572","page","type-page","status-publish","hentry"],"_links":{"self":[{"href":"https:\/\/learndash.magevue.com\/pt-pt\/wp-json\/wp\/v2\/pages\/8572","targetHints":{"allow":["GET"]}}],"collection":[{"href":"https:\/\/learndash.magevue.com\/pt-pt\/wp-json\/wp\/v2\/pages"}],"about":[{"href":"https:\/\/learndash.magevue.com\/pt-pt\/wp-json\/wp\/v2\/types\/page"}],"author":[{"embeddable":true,"href":"https:\/\/learndash.magevue.com\/pt-pt\/wp-json\/wp\/v2\/users\/1"}],"replies":[{"embeddable":true,"href":"https:\/\/learndash.magevue.com\/pt-pt\/wp-json\/wp\/v2\/comments?post=8572"}],"version-history":[{"count":7,"href":"https:\/\/learndash.magevue.com\/pt-pt\/wp-json\/wp\/v2\/pages\/8572\/revisions"}],"predecessor-version":[{"id":10027,"href":"https:\/\/learndash.magevue.com\/pt-pt\/wp-json\/wp\/v2\/pages\/8572\/revisions\/10027"}],"wp:attachment":[{"href":"https:\/\/learndash.magevue.com\/pt-pt\/wp-json\/wp\/v2\/media?parent=8572"}],"curies":[{"name":"wp","href":"https:\/\/api.w.org\/{rel}","templated":true}]}}