{"id":8584,"date":"2026-02-24T06:45:46","date_gmt":"2026-02-24T05:45:46","guid":{"rendered":"https:\/\/learndash.magevue.com\/politica-de-privacidade\/"},"modified":"2026-02-24T06:46:14","modified_gmt":"2026-02-24T05:46:14","slug":"politica-de-privacidade","status":"publish","type":"page","link":"https:\/\/learndash.magevue.com\/pt-pt\/politica-de-privacidade\/","title":{"rendered":"Pol\u00edtica de privacidade"},"content":{"rendered":"\t\t<div data-elementor-type=\"wp-page\" data-elementor-id=\"8584\" class=\"elementor elementor-8584 elementor-3\" data-elementor-post-type=\"page\">\n\t\t\t\t<div class=\"elementor-element elementor-element-215e599 e-con-full e-flex e-con e-parent\" data-id=\"215e599\" data-element_type=\"container\" data-e-type=\"container\" data-settings=\"{&quot;background_background&quot;:&quot;classic&quot;,&quot;shape_divider_bottom&quot;:&quot;curve&quot;,&quot;shape_divider_bottom_negative&quot;:&quot;yes&quot;}\">\n\t\t\t\t<div class=\"elementor-shape elementor-shape-bottom\" aria-hidden=\"true\" data-negative=\"true\">\n\t\t\t<svg xmlns=\"http:\/\/www.w3.org\/2000\/svg\" viewBox=\"0 0 1000 100\" preserveAspectRatio=\"none\">\n\t<path class=\"elementor-shape-fill\" d=\"M500,97C126.7,96.3,0.8,19.8,0,0v100l1000,0V1C1000,19.4,873.3,97.8,500,97z\"\/>\n<\/svg>\t\t<\/div>\n\t\t\t\t<div class=\"elementor-element elementor-element-fef20c7 elementor-widget__width-initial elementor-widget-mobile__width-inherit elementor-widget elementor-widget-heading\" data-id=\"fef20c7\" data-element_type=\"widget\" data-e-type=\"widget\" data-widget_type=\"heading.default\">\n\t\t\t\t\t<h1 class=\"elementor-heading-title elementor-size-default\">Pol\u00edtica de privacidade<\/h1>\t\t\t\t<\/div>\n\t\t\t\t<\/div>\n\t\t<div class=\"elementor-element elementor-element-15b7380 e-flex e-con-boxed e-con e-parent\" data-id=\"15b7380\" data-element_type=\"container\" data-e-type=\"container\" data-settings=\"{&quot;background_background&quot;:&quot;classic&quot;}\">\n\t\t\t\t\t<div class=\"e-con-inner\">\n\t\t<div class=\"elementor-element elementor-element-aa382eb e-con-full e-flex e-con e-child\" data-id=\"aa382eb\" data-element_type=\"container\" data-e-type=\"container\">\n\t\t\t\t<div class=\"elementor-element elementor-element-23cc42d elementor-widget elementor-widget-heading\" data-id=\"23cc42d\" data-element_type=\"widget\" data-e-type=\"widget\" data-widget_type=\"heading.default\">\n\t\t\t\t\t<h3 class=\"elementor-heading-title elementor-size-default\">Geral\n<\/h3>\t\t\t\t<\/div>\n\t\t\t\t<div class=\"elementor-element elementor-element-1ee6cf3 elementor-widget elementor-widget-text-editor\" data-id=\"1ee6cf3\" data-element_type=\"widget\" data-e-type=\"widget\" data-widget_type=\"text-editor.default\">\n\t\t\t\t\t\t\t\t\t<p>A privacidade dos nossos visitantes \u00e9 muito importante para n\u00f3s. Por isso, recolhemos o m\u00ednimo poss\u00edvel de informa\u00e7\u00f5es pessoais. As informa\u00e7\u00f5es que recolhemos s\u00e3o anonimizadas tanto quanto poss\u00edvel, s\u00e3o sempre mantidas confidenciais e nunca s\u00e3o trocadas com terceiros.  <\/p>\t\t\t\t\t\t\t\t<\/div>\n\t\t\t\t<div class=\"elementor-element elementor-element-fe8b80d elementor-widget elementor-widget-heading\" data-id=\"fe8b80d\" data-element_type=\"widget\" data-e-type=\"widget\" data-widget_type=\"heading.default\">\n\t\t\t\t\t<h3 class=\"elementor-heading-title elementor-size-default\">Detalhes da conta e do pagamento\n<\/h3>\t\t\t\t<\/div>\n\t\t\t\t<div class=\"elementor-element elementor-element-3553368 elementor-widget elementor-widget-text-editor\" data-id=\"3553368\" data-element_type=\"widget\" data-e-type=\"widget\" data-widget_type=\"text-editor.default\">\n\t\t\t\t\t\t\t\t\t<p>Para efetuar encomendas, forneces informa\u00e7\u00f5es pessoais e, eventualmente, informa\u00e7\u00f5es de fatura\u00e7\u00e3o. Para o efeito, o nosso s\u00edtio Web utiliza o servi\u00e7o WooCommerce. O WooCommerce n\u00e3o envia quaisquer dados para outros s\u00edtios Web ou para o pr\u00f3prio WooCommerce. Os dados s\u00e3o armazenados temporariamente nos nossos servidores. O acesso aos nossos servidores \u00e9 seguro e restrito.    <\/p>\n<p>Para efetuar pagamentos, utilizamos o &#8220;fornecedor de pagamentos seguros&#8221; Mollie. O fornecimento e o processamento do pagamento e dos dados banc\u00e1rios ocorrem inteiramente no ambiente seguro da Internet da Mollie e, por conseguinte, n\u00e3o s\u00e3o armazenados nos nossos servidores. A Mollie segue as diretrizes europeias para a seguran\u00e7a dos pagamentos na Internet e est\u00e1 inscrita no registo do De Nederlandsche Bank para este efeito. Para mais informa\u00e7\u00f5es sobre a prote\u00e7\u00e3o de dados da Mollie, consulta: <a href=\"https:\/\/www.mollie.com\/uk\/features\/security\">https:\/\/www.mollie.com\/uk\/features\/security<\/a>   <\/p>\t\t\t\t\t\t\t\t<\/div>\n\t\t\t\t<div class=\"elementor-element elementor-element-6b1e37f elementor-widget elementor-widget-heading\" data-id=\"6b1e37f\" data-element_type=\"widget\" data-e-type=\"widget\" data-widget_type=\"heading.default\">\n\t\t\t\t\t<h3 class=\"elementor-heading-title elementor-size-default\">SSL\n<\/h3>\t\t\t\t<\/div>\n\t\t\t\t<div class=\"elementor-element elementor-element-82c71ca elementor-widget elementor-widget-text-editor\" data-id=\"82c71ca\" data-element_type=\"widget\" data-e-type=\"widget\" data-widget_type=\"text-editor.default\">\n\t\t\t\t\t\t\t\t\t<div class=\"elementor-element elementor-element-c2f4e35 e-con-full e-flex e-con e-child\" data-id=\"c2f4e35\" data-element_type=\"container\" data-e-type=\"container\"><div class=\"elementor-element elementor-element-b56b70d elementor-widget elementor-widget-text-editor\" data-id=\"b56b70d\" data-element_type=\"widget\" data-e-type=\"widget\" data-widget_type=\"text-editor.default\"><p>O nosso s\u00edtio Web utiliza SSL. Isto significa que todos os dados fornecidos atrav\u00e9s do s\u00edtio Web s\u00e3o transmitidos de forma segura. <\/p><\/div><\/div>\t\t\t\t\t\t\t\t<\/div>\n\t\t\t\t<\/div>\n\t\t<div class=\"elementor-element elementor-element-2c2fa88 e-con-full e-flex e-con e-child\" data-id=\"2c2fa88\" data-element_type=\"container\" data-e-type=\"container\">\n\t\t\t\t<div class=\"elementor-element elementor-element-aef6a2c elementor-widget elementor-widget-heading\" data-id=\"aef6a2c\" data-element_type=\"widget\" data-e-type=\"widget\" data-widget_type=\"heading.default\">\n\t\t\t\t\t<h3 class=\"elementor-heading-title elementor-size-default\">Cookies\n<\/h3>\t\t\t\t<\/div>\n\t\t\t\t<div class=\"elementor-element elementor-element-b5cabcc elementor-widget elementor-widget-text-editor\" data-id=\"b5cabcc\" data-element_type=\"widget\" data-e-type=\"widget\" data-widget_type=\"text-editor.default\">\n\t\t\t\t\t\t\t\t\t<p>Os cookies s\u00e3o pequenos ficheiros de texto armazenados pelos s\u00edtios Web num local separado do teu computador, por exemplo, para garantir que podes manter-te ligado automaticamente. Os cookies tamb\u00e9m podem ser utilizados para fins de marketing e outros, incluindo o rastreio dos s\u00edtios Web que visitas. O nosso s\u00edtio Web s\u00f3 utiliza um cookie para te manter ligado, e apenas se o escolheres.  <\/p>\t\t\t\t\t\t\t\t<\/div>\n\t\t\t\t<div class=\"elementor-element elementor-element-0ce93cf elementor-widget elementor-widget-heading\" data-id=\"0ce93cf\" data-element_type=\"widget\" data-e-type=\"widget\" data-widget_type=\"heading.default\">\n\t\t\t\t\t<h3 class=\"elementor-heading-title elementor-size-default\">Cookies do YouTube\n<\/h3>\t\t\t\t<\/div>\n\t\t\t\t<div class=\"elementor-element elementor-element-e78f427 elementor-widget elementor-widget-text-editor\" data-id=\"e78f427\" data-element_type=\"widget\" data-e-type=\"widget\" data-widget_type=\"text-editor.default\">\n\t\t\t\t\t\t\t\t\t<p>O nosso s\u00edtio Web utiliza v\u00eddeos do Youtube. Estes v\u00eddeos s\u00e3o incorporados de uma forma que respeita a privacidade, de modo a que o Youtube n\u00e3o coloque automaticamente um cookie no teu computador. Tem em aten\u00e7\u00e3o que, se reproduzires o v\u00eddeo, este cookie continuar\u00e1 a ser colocado. Para mais informa\u00e7\u00f5es sobre os cookies do Youtube, consulta <a href=\"https:\/\/policies.google.com\/technologies\/cookies?hl=en-%20US#:~:text=YouTube%20uses%20the%20'PREF'%20cookie,from%20a%20user's%20last%20use.\">a p\u00e1gina de privacidade do Google\/Youtube<\/a>.   <\/p>\t\t\t\t\t\t\t\t<\/div>\n\t\t\t\t<div class=\"elementor-element elementor-element-9bf5f08 elementor-widget elementor-widget-heading\" data-id=\"9bf5f08\" data-element_type=\"widget\" data-e-type=\"widget\" data-widget_type=\"heading.default\">\n\t\t\t\t\t<h3 class=\"elementor-heading-title elementor-size-default\">Estat\u00edsticas do s\u00edtio Web\n<\/h3>\t\t\t\t<\/div>\n\t\t\t\t<div class=\"elementor-element elementor-element-3bd3ef6 elementor-widget elementor-widget-text-editor\" data-id=\"3bd3ef6\" data-element_type=\"widget\" data-e-type=\"widget\" data-widget_type=\"text-editor.default\">\n\t\t\t\t\t\t\t\t\t<p>Para as estat\u00edsticas do nosso s\u00edtio Web, utilizamos a vers\u00e3o an\u00f3nima do Google Analytics.<\/p>\t\t\t\t\t\t\t\t<\/div>\n\t\t\t\t<div class=\"elementor-element elementor-element-0b5358c elementor-widget elementor-widget-heading\" data-id=\"0b5358c\" data-element_type=\"widget\" data-e-type=\"widget\" data-widget_type=\"heading.default\">\n\t\t\t\t\t<h3 class=\"elementor-heading-title elementor-size-default\">Tens d\u00favidas?\n<\/h3>\t\t\t\t<\/div>\n\t\t\t\t<div class=\"elementor-element elementor-element-ea483c0 elementor-widget elementor-widget-text-editor\" data-id=\"ea483c0\" data-element_type=\"widget\" data-e-type=\"widget\" data-widget_type=\"text-editor.default\">\n\t\t\t\t\t\t\t\t\t<div class=\"elementor elementor-2575\" data-elementor-type=\"wp-page\" data-elementor-id=\"2575\" data-elementor-post-type=\"page\">\n<div class=\"elementor-element elementor-element-6c5b94e e-flex e-con-boxed e-con e-parent e-lazyloaded\" data-id=\"6c5b94e\" data-element_type=\"container\" data-e-type=\"container\" data-settings=\"{\"background_background\":\"classic\"}\">\n<div class=\"e-con-inner\">\n<div class=\"elementor-element elementor-element-e9208bc e-con-full e-flex e-con e-child\" data-id=\"e9208bc\" data-element_type=\"container\" data-e-type=\"container\">\n<div class=\"elementor-element elementor-element-76676d2 elementor-widget elementor-widget-text-editor\" data-id=\"76676d2\" data-element_type=\"widget\" data-e-type=\"widget\" data-widget_type=\"text-editor.default\">\n<p>Tens alguma pergunta ou coment\u00e1rio sobre a nossa pol\u00edtica de privacidade? N\u00e3o hesites em contactar-nos atrav\u00e9s do <a href=\"mailto:hellup@thenaturalstep.nl\">endere\u00e7o support@thenaturalstep.nl.<\/a> <\/p>\n<\/div>\n<\/div>\n<\/div>\n<\/div>\n<\/div>\t\t\t\t\t\t\t\t<\/div>\n\t\t\t\t<\/div>\n\t\t\t\t\t<\/div>\n\t\t\t\t<\/div>\n\t\t\t\t<\/div>\n\t\t","protected":false},"excerpt":{"rendered":"<p>Pol\u00edtica de privacidade Geral A privacidade dos nossos visitantes \u00e9 muito importante para n\u00f3s. Por isso, recolhemos o m\u00ednimo poss\u00edvel [&hellip;]<\/p>\n","protected":false},"author":1,"featured_media":0,"parent":0,"menu_order":0,"comment_status":"closed","ping_status":"closed","template":"","meta":{"site-sidebar-layout":"default","site-content-layout":"","ast-site-content-layout":"default","site-content-style":"default","site-sidebar-style":"default","ast-global-header-display":"","ast-banner-title-visibility":"","ast-main-header-display":"","ast-hfb-above-header-display":"","ast-hfb-below-header-display":"","ast-hfb-mobile-header-display":"","site-post-title":"","ast-breadcrumbs-content":"","ast-featured-img":"","footer-sml-layout":"","ast-disable-related-posts":"","theme-transparent-header-meta":"","adv-header-id-meta":"","stick-header-meta":"","header-above-stick-meta":"","header-main-stick-meta":"","header-below-stick-meta":"","astra-migrate-meta-layouts":"default","ast-page-background-enabled":"default","ast-page-background-meta":{"desktop":{"background-color":"var(--ast-global-color-5)","background-image":"","background-repeat":"repeat","background-position":"center center","background-size":"auto","background-attachment":"scroll","background-type":"","background-media":"","overlay-type":"","overlay-color":"","overlay-opacity":"","overlay-gradient":""},"tablet":{"background-color":"","background-image":"","background-repeat":"repeat","background-position":"center center","background-size":"auto","background-attachment":"scroll","background-type":"","background-media":"","overlay-type":"","overlay-color":"","overlay-opacity":"","overlay-gradient":""},"mobile":{"background-color":"","background-image":"","background-repeat":"repeat","background-position":"center center","background-size":"auto","background-attachment":"scroll","background-type":"","background-media":"","overlay-type":"","overlay-color":"","overlay-opacity":"","overlay-gradient":""}},"ast-content-background-meta":{"desktop":{"background-color":"var(--ast-global-color-4)","background-image":"","background-repeat":"repeat","background-position":"center center","background-size":"auto","background-attachment":"scroll","background-type":"","background-media":"","overlay-type":"","overlay-color":"","overlay-opacity":"","overlay-gradient":""},"tablet":{"background-color":"var(--ast-global-color-4)","background-image":"","background-repeat":"repeat","background-position":"center center","background-size":"auto","background-attachment":"scroll","background-type":"","background-media":"","overlay-type":"","overlay-color":"","overlay-opacity":"","overlay-gradient":""},"mobile":{"background-color":"var(--ast-global-color-4)","background-image":"","background-repeat":"repeat","background-position":"center center","background-size":"auto","background-attachment":"scroll","background-type":"","background-media":"","overlay-type":"","overlay-color":"","overlay-opacity":"","overlay-gradient":""}},"footnotes":""},"class_list":["post-8584","page","type-page","status-publish","hentry"],"_links":{"self":[{"href":"https:\/\/learndash.magevue.com\/pt-pt\/wp-json\/wp\/v2\/pages\/8584","targetHints":{"allow":["GET"]}}],"collection":[{"href":"https:\/\/learndash.magevue.com\/pt-pt\/wp-json\/wp\/v2\/pages"}],"about":[{"href":"https:\/\/learndash.magevue.com\/pt-pt\/wp-json\/wp\/v2\/types\/page"}],"author":[{"embeddable":true,"href":"https:\/\/learndash.magevue.com\/pt-pt\/wp-json\/wp\/v2\/users\/1"}],"replies":[{"embeddable":true,"href":"https:\/\/learndash.magevue.com\/pt-pt\/wp-json\/wp\/v2\/comments?post=8584"}],"version-history":[{"count":1,"href":"https:\/\/learndash.magevue.com\/pt-pt\/wp-json\/wp\/v2\/pages\/8584\/revisions"}],"predecessor-version":[{"id":8585,"href":"https:\/\/learndash.magevue.com\/pt-pt\/wp-json\/wp\/v2\/pages\/8584\/revisions\/8585"}],"wp:attachment":[{"href":"https:\/\/learndash.magevue.com\/pt-pt\/wp-json\/wp\/v2\/media?parent=8584"}],"curies":[{"name":"wp","href":"https:\/\/api.w.org\/{rel}","templated":true}]}}